{"id":20261,"date":"2026-04-24T13:24:49","date_gmt":"2026-04-24T13:24:49","guid":{"rendered":"https:\/\/marulhoeco.org\/?page_id=20261"},"modified":"2026-04-24T22:08:31","modified_gmt":"2026-04-24T22:08:31","slug":"coletivos-produtivos","status":"publish","type":"page","link":"https:\/\/marulhoeco.org\/en\/coletivos-produtivos\/","title":{"rendered":"Productive Collectives"},"content":{"rendered":"<div data-elementor-type=\"wp-page\" data-elementor-id=\"20261\" class=\"elementor elementor-20261\" data-elementor-post-type=\"page\">\n\t\t\t\t<div class=\"elementor-element elementor-element-5e21ec1f e-flex e-con-boxed e-con e-parent\" data-id=\"5e21ec1f\" data-element_type=\"container\" data-e-type=\"container\" data-settings=\"{&quot;background_background&quot;:&quot;classic&quot;}\">\n\t\t\t\t\t<div class=\"e-con-inner\">\n\t\t\t\t<div class=\"elementor-element elementor-element-43ce29c4 elementor-invisible elementor-widget elementor-widget-heading\" data-id=\"43ce29c4\" data-element_type=\"widget\" data-e-type=\"widget\" data-settings=\"{&quot;_animation&quot;:&quot;fadeInUp&quot;}\" data-widget_type=\"heading.default\">\n\t\t\t\t\t<h1 class=\"elementor-heading-title elementor-size-default\">N\u00e3o somos os primeiros a reusar as redes para artesanato e nem queremos ser os \u00fanicos.<\/h1>\t\t\t\t<\/div>\n\t\t\t\t<div class=\"elementor-element elementor-element-107f368b elementor-invisible elementor-widget elementor-widget-text-editor\" data-id=\"107f368b\" data-element_type=\"widget\" data-e-type=\"widget\" data-settings=\"{&quot;_animation&quot;:&quot;fadeInUp&quot;}\" data-widget_type=\"text-editor.default\">\n\t\t\t\t\t\t\t\t\t<p class=\"body-large\" dir=\"auto\">Acreditamos em fortalecer outros grupos produtivos que dialogam com nosso prop\u00f3sito.<\/p><p class=\"body-large\" dir=\"auto\">Conhe\u00e7a os coletivos que estamos ajudando a criar e fazem parte dessa rede:<\/p>\t\t\t\t\t\t\t\t<\/div>\n\t\t\t\t\t<\/div>\n\t\t\t\t<\/div>\n\t\t<div class=\"elementor-element elementor-element-e6cbb9f e-flex e-con-boxed e-con e-parent\" data-id=\"e6cbb9f\" data-element_type=\"container\" data-e-type=\"container\" data-settings=\"{&quot;background_background&quot;:&quot;classic&quot;}\">\n\t\t\t\t\t<div class=\"e-con-inner\">\n\t\t\t\t<div class=\"elementor-element elementor-element-651f683 gallery-spacing-custom elementor-widget elementor-widget-image-gallery\" data-id=\"651f683\" data-element_type=\"widget\" data-e-type=\"widget\" data-widget_type=\"image-gallery.default\">\n\t\t\t\t\t\t\t<div class=\"elementor-image-gallery\">\n\t\t\t<div id='gallery-1' class='gallery galleryid-20261 gallery-columns-3 gallery-size-2048x2048'><figure class='gallery-item'>\n\t\t\t<div class='gallery-icon portrait'>\n\t\t\t\t<img fetchpriority=\"high\" decoding=\"async\" width=\"852\" height=\"879\" src=\"https:\/\/marulhoeco.org\/wp-content\/uploads\/2026\/04\/Captura-de-tela-2026-03-30-141002.png\" class=\"attachment-2048x2048 size-2048x2048\" alt=\"\" srcset=\"https:\/\/marulhoeco.org\/wp-content\/uploads\/2026\/04\/Captura-de-tela-2026-03-30-141002.png 852w, https:\/\/marulhoeco.org\/wp-content\/uploads\/2026\/04\/Captura-de-tela-2026-03-30-141002-291x300.png 291w, https:\/\/marulhoeco.org\/wp-content\/uploads\/2026\/04\/Captura-de-tela-2026-03-30-141002-768x792.png 768w\" sizes=\"(max-width: 852px) 100vw, 852px\" \/>\n\t\t\t<\/div><\/figure><figure class='gallery-item'>\n\t\t\t<div class='gallery-icon landscape'>\n\t\t\t\t<img decoding=\"async\" width=\"1377\" height=\"916\" src=\"https:\/\/marulhoeco.org\/wp-content\/uploads\/2026\/04\/Captura-de-tela-2026-03-30-134704.png\" class=\"attachment-2048x2048 size-2048x2048\" alt=\"\" srcset=\"https:\/\/marulhoeco.org\/wp-content\/uploads\/2026\/04\/Captura-de-tela-2026-03-30-134704.png 1377w, https:\/\/marulhoeco.org\/wp-content\/uploads\/2026\/04\/Captura-de-tela-2026-03-30-134704-300x200.png 300w, https:\/\/marulhoeco.org\/wp-content\/uploads\/2026\/04\/Captura-de-tela-2026-03-30-134704-1024x681.png 1024w, https:\/\/marulhoeco.org\/wp-content\/uploads\/2026\/04\/Captura-de-tela-2026-03-30-134704-768x511.png 768w\" sizes=\"(max-width: 1377px) 100vw, 1377px\" \/>\n\t\t\t<\/div><\/figure><figure class='gallery-item'>\n\t\t\t<div class='gallery-icon landscape'>\n\t\t\t\t<img decoding=\"async\" width=\"1377\" height=\"916\" src=\"https:\/\/marulhoeco.org\/wp-content\/uploads\/2026\/04\/Captura-de-tela-2026-03-30-134951.png\" class=\"attachment-2048x2048 size-2048x2048\" alt=\"\" srcset=\"https:\/\/marulhoeco.org\/wp-content\/uploads\/2026\/04\/Captura-de-tela-2026-03-30-134951.png 1377w, https:\/\/marulhoeco.org\/wp-content\/uploads\/2026\/04\/Captura-de-tela-2026-03-30-134951-300x200.png 300w, https:\/\/marulhoeco.org\/wp-content\/uploads\/2026\/04\/Captura-de-tela-2026-03-30-134951-1024x681.png 1024w, https:\/\/marulhoeco.org\/wp-content\/uploads\/2026\/04\/Captura-de-tela-2026-03-30-134951-768x511.png 768w\" sizes=\"(max-width: 1377px) 100vw, 1377px\" \/>\n\t\t\t<\/div><\/figure><figure class='gallery-item'>\n\t\t\t<div class='gallery-icon landscape'>\n\t\t\t\t<img loading=\"lazy\" decoding=\"async\" width=\"2048\" height=\"1147\" src=\"https:\/\/marulhoeco.org\/wp-content\/uploads\/2026\/04\/MG_0144-2048x1147.jpg\" class=\"attachment-2048x2048 size-2048x2048\" alt=\"\" srcset=\"https:\/\/marulhoeco.org\/wp-content\/uploads\/2026\/04\/MG_0144-2048x1147.jpg 2048w, https:\/\/marulhoeco.org\/wp-content\/uploads\/2026\/04\/MG_0144-300x168.jpg 300w, https:\/\/marulhoeco.org\/wp-content\/uploads\/2026\/04\/MG_0144-1024x573.jpg 1024w, https:\/\/marulhoeco.org\/wp-content\/uploads\/2026\/04\/MG_0144-768x430.jpg 768w, https:\/\/marulhoeco.org\/wp-content\/uploads\/2026\/04\/MG_0144-1536x860.jpg 1536w\" sizes=\"(max-width: 2048px) 100vw, 2048px\" \/>\n\t\t\t<\/div><\/figure><figure class='gallery-item'>\n\t\t\t<div class='gallery-icon portrait'>\n\t\t\t\t<img loading=\"lazy\" decoding=\"async\" width=\"854\" height=\"1086\" src=\"https:\/\/marulhoeco.org\/wp-content\/uploads\/2026\/04\/Captura-de-tela-2026-03-30-135951.png\" class=\"attachment-2048x2048 size-2048x2048\" alt=\"\" srcset=\"https:\/\/marulhoeco.org\/wp-content\/uploads\/2026\/04\/Captura-de-tela-2026-03-30-135951.png 854w, https:\/\/marulhoeco.org\/wp-content\/uploads\/2026\/04\/Captura-de-tela-2026-03-30-135951-236x300.png 236w, https:\/\/marulhoeco.org\/wp-content\/uploads\/2026\/04\/Captura-de-tela-2026-03-30-135951-805x1024.png 805w, https:\/\/marulhoeco.org\/wp-content\/uploads\/2026\/04\/Captura-de-tela-2026-03-30-135951-768x977.png 768w\" sizes=\"(max-width: 854px) 100vw, 854px\" \/>\n\t\t\t<\/div><\/figure><figure class='gallery-item'>\n\t\t\t<div class='gallery-icon landscape'>\n\t\t\t\t<img loading=\"lazy\" decoding=\"async\" width=\"1507\" height=\"1093\" src=\"https:\/\/marulhoeco.org\/wp-content\/uploads\/2026\/04\/Captura-de-tela-2026-03-30-140831.png\" class=\"attachment-2048x2048 size-2048x2048\" alt=\"\" srcset=\"https:\/\/marulhoeco.org\/wp-content\/uploads\/2026\/04\/Captura-de-tela-2026-03-30-140831.png 1507w, https:\/\/marulhoeco.org\/wp-content\/uploads\/2026\/04\/Captura-de-tela-2026-03-30-140831-300x218.png 300w, https:\/\/marulhoeco.org\/wp-content\/uploads\/2026\/04\/Captura-de-tela-2026-03-30-140831-1024x743.png 1024w, https:\/\/marulhoeco.org\/wp-content\/uploads\/2026\/04\/Captura-de-tela-2026-03-30-140831-768x557.png 768w\" sizes=\"(max-width: 1507px) 100vw, 1507px\" \/>\n\t\t\t<\/div><\/figure>\n\t\t<\/div>\n\t\t<\/div>\n\t\t\t\t\t\t<\/div>\n\t\t\t\t\t<\/div>\n\t\t\t\t<\/div>\n\t\t<div class=\"elementor-element elementor-element-374739c5 e-flex e-con-boxed e-con e-parent\" data-id=\"374739c5\" data-element_type=\"container\" data-e-type=\"container\" data-settings=\"{&quot;background_background&quot;:&quot;classic&quot;}\">\n\t\t\t\t\t<div class=\"e-con-inner\">\n\t\t\t\t<div class=\"elementor-element elementor-element-3a5f5604 elementor-invisible elementor-widget elementor-widget-heading\" data-id=\"3a5f5604\" data-element_type=\"widget\" data-e-type=\"widget\" data-settings=\"{&quot;_animation&quot;:&quot;fadeInUp&quot;}\" data-widget_type=\"heading.default\">\n\t\t\t\t\t<h3 class=\"elementor-heading-title elementor-size-default\">Em 2025, iniciamos a replica\u00e7\u00e3o da nossa<\/h3>\t\t\t\t<\/div>\n\t\t\t\t<div class=\"elementor-element elementor-element-a5c6293 elementor-invisible elementor-widget elementor-widget-heading\" data-id=\"a5c6293\" data-element_type=\"widget\" data-e-type=\"widget\" data-settings=\"{&quot;_animation&quot;:&quot;fadeInUp&quot;}\" data-widget_type=\"heading.default\">\n\t\t\t\t\t<h3 class=\"elementor-heading-title elementor-size-default\">Tecnologia Social Redes de Impacto<\/h3>\t\t\t\t<\/div>\n\t\t\t\t<div class=\"elementor-element elementor-element-775c45b elementor-invisible elementor-widget elementor-widget-heading\" data-id=\"775c45b\" data-element_type=\"widget\" data-e-type=\"widget\" data-settings=\"{&quot;_animation&quot;:&quot;fadeInUp&quot;}\" data-widget_type=\"heading.default\">\n\t\t\t\t\t<h3 class=\"elementor-heading-title elementor-size-default\">Desenvolvida ao longo de anos nas comunidades de Matariz e Provet\u00e1, na Ilha Grande, essa metodologia conecta o saber tradicional da costura de redes de pesca com ferramentas de economia solid\u00e1ria e empreendedorismo social. <br> <br>\nHoje, tr\u00eas novos coletivos da Costa Verde - RJ fazem parte dessa rede de impacto.<\/h3>\t\t\t\t<\/div>\n\t\t<div class=\"elementor-element elementor-element-73a60186 e-con-full e-flex e-con e-child\" data-id=\"73a60186\" data-element_type=\"container\" data-e-type=\"container\">\n\t\t<div class=\"elementor-element elementor-element-265ece83 e-con-full e-flex e-con e-child\" data-id=\"265ece83\" data-element_type=\"container\" data-e-type=\"container\">\n\t\t\t\t<div class=\"elementor-element elementor-element-44ac8bd3 elementor-align-left elementor-tablet-align-center elementor-invisible elementor-widget elementor-widget-button\" data-id=\"44ac8bd3\" data-element_type=\"widget\" data-e-type=\"widget\" data-settings=\"{&quot;_animation&quot;:&quot;fadeInUp&quot;}\" data-widget_type=\"button.default\">\n\t\t\t\t\t\t\t\t\t\t<a class=\"elementor-button elementor-button-link elementor-size-sm\" href=\"#nos\">\n\t\t\t\t\t\t<span class=\"elementor-button-content-wrapper\">\n\t\t\t\t\t\t\t\t\t<span class=\"elementor-button-text\">Praia do Sono \u00b7 Paraty<\/span>\n\t\t\t\t\t<\/span>\n\t\t\t\t\t<\/a>\n\t\t\t\t\t\t\t\t<\/div>\n\t\t\t\t<\/div>\n\t\t<div class=\"elementor-element elementor-element-ef7931a e-con-full e-flex e-con e-child\" data-id=\"ef7931a\" data-element_type=\"container\" data-e-type=\"container\">\n\t\t\t\t<div class=\"elementor-element elementor-element-f607713 elementor-align-left elementor-tablet-align-center elementor-invisible elementor-widget elementor-widget-button\" data-id=\"f607713\" data-element_type=\"widget\" data-e-type=\"widget\" data-settings=\"{&quot;_animation&quot;:&quot;fadeInUp&quot;}\" data-widget_type=\"button.default\">\n\t\t\t\t\t\t\t\t\t\t<a class=\"elementor-button elementor-button-link elementor-size-sm\" href=\"#ponta\">\n\t\t\t\t\t\t<span class=\"elementor-button-content-wrapper\">\n\t\t\t\t\t\t\t\t\t<span class=\"elementor-button-text\">Ponta Negra \u00b7 Paraty<\/span>\n\t\t\t\t\t<\/span>\n\t\t\t\t\t<\/a>\n\t\t\t\t\t\t\t\t<\/div>\n\t\t\t\t<\/div>\n\t\t<div class=\"elementor-element elementor-element-2924174 e-con-full e-flex e-con e-child\" data-id=\"2924174\" data-element_type=\"container\" data-e-type=\"container\">\n\t\t\t\t<div class=\"elementor-element elementor-element-4c17648 elementor-align-left elementor-tablet-align-center elementor-invisible elementor-widget elementor-widget-button\" data-id=\"4c17648\" data-element_type=\"widget\" data-e-type=\"widget\" data-settings=\"{&quot;_animation&quot;:&quot;fadeInUp&quot;}\" data-widget_type=\"button.default\">\n\t\t\t\t\t\t\t\t\t\t<a class=\"elementor-button elementor-button-link elementor-size-sm\" href=\"#maos\">\n\t\t\t\t\t\t<span class=\"elementor-button-content-wrapper\">\n\t\t\t\t\t\t\t\t\t<span class=\"elementor-button-text\">Aventureiro \u00b7 Ilha Grande<\/span>\n\t\t\t\t\t<\/span>\n\t\t\t\t\t<\/a>\n\t\t\t\t\t\t\t\t<\/div>\n\t\t\t\t<\/div>\n\t\t\t\t<\/div>\n\t\t\t\t\t<\/div>\n\t\t\t\t<\/div>\n\t\t<div class=\"elementor-element elementor-element-86f29c4 e-flex e-con-boxed e-con e-parent\" data-id=\"86f29c4\" data-element_type=\"container\" data-e-type=\"container\">\n\t\t\t\t\t<div class=\"e-con-inner\">\n\t\t<div class=\"elementor-element elementor-element-53fabdf e-con-full e-flex e-con e-child\" data-id=\"53fabdf\" data-element_type=\"container\" data-e-type=\"container\" id=\"nos\">\n\t\t\t\t\t\t\t\n\t\t\t<img class=\"e-image-base\" \n\t\t\t\t\tdata-interaction-id=\"4fcc227\" \n\t\t \n\t\t data-e-type=\"widget\" data-id=\"4fcc227\"\n\t\t\t\t\t\t\t\t\tid=\"20279\"\n\t\t\t\t\t\t\t\t\t\t\t\tsrc=\"https:\/\/marulhoeco.org\/wp-content\/uploads\/2026\/04\/Captura-de-tela-2026-03-30-135109.png\"\n\t\t\t\t\t\t\t\t\t\t\t\twidth=\"1302\"\n\t\t\t\t\t\t\t\t\t\t\t\theight=\"1144\"\n\t\t\t\t\t\t\t\t\t\t\t\tsrcset=\"https:\/\/marulhoeco.org\/wp-content\/uploads\/2026\/04\/Captura-de-tela-2026-03-30-135109.png 1302w, https:\/\/marulhoeco.org\/wp-content\/uploads\/2026\/04\/Captura-de-tela-2026-03-30-135109-300x264.png 300w, https:\/\/marulhoeco.org\/wp-content\/uploads\/2026\/04\/Captura-de-tela-2026-03-30-135109-1024x900.png 1024w, https:\/\/marulhoeco.org\/wp-content\/uploads\/2026\/04\/Captura-de-tela-2026-03-30-135109-768x675.png 768w\"\n\t\t\t\t\t\t\t\t\t\t\t\talt=\"\"\n\t\t\t\t\t\t\/>\n\t\t\t\t\t<\/div>\n\t\t<div class=\"elementor-element elementor-element-cf1045f e-con-full e-flex e-con e-child\" data-id=\"cf1045f\" data-element_type=\"container\" data-e-type=\"container\">\n\t\t<div class=\"elementor-element elementor-element-9fe7fab e-con-full e-flex e-con e-child\" data-id=\"9fe7fab\" data-element_type=\"container\" data-e-type=\"container\">\n\t\t\t\t<div class=\"elementor-element elementor-element-9997f0a elementor-widget elementor-widget-heading\" data-id=\"9997f0a\" data-element_type=\"widget\" data-e-type=\"widget\" data-widget_type=\"heading.default\">\n\t\t\t\t\t<h2 class=\"elementor-heading-title elementor-size-default\">N\u00f3s do Sono<\/h2>\t\t\t\t<\/div>\n\t\t\t\t<\/div>\n\t\t<div class=\"elementor-element elementor-element-da6ae24 e-con-full e-flex e-con e-child\" data-id=\"da6ae24\" data-element_type=\"container\" data-e-type=\"container\">\n\t\t\t\t<div class=\"elementor-element elementor-element-63342e5 elementor-widget elementor-widget-text-editor\" data-id=\"63342e5\" data-element_type=\"widget\" data-e-type=\"widget\" data-widget_type=\"text-editor.default\">\n\t\t\t\t\t\t\t\t\t<p><img decoding=\"async\" draggable=\"false\" role=\"img\" class=\"emoji\" alt=\"\ud83d\udccd\" src=\"https:\/\/s.w.org\/images\/core\/emoji\/17.0.2\/svg\/1f4cd.svg\"> Praia do Sono, Paraty \u2014 RJ<br><em style=\"padding: 0px; margin: 0px; color: rgb(42, 125, 195); font-family: Nunito, sans-serif; font-size: 18px; font-weight: 600; white-space: break-spaces;\">prifiando resist\u00eancia<\/em><\/p>\t\t\t\t\t\t\t\t<\/div>\n\t\t\t\t<\/div>\n\t\t<div class=\"elementor-element elementor-element-9727d56 e-con-full e-flex e-con e-child\" data-id=\"9727d56\" data-element_type=\"container\" data-e-type=\"container\">\n\t\t\t\t\t\t\t\t<p class=\"e-paragraph-base\" data-interaction-id=\"d405cf5\"  data-e-type=\"widget\" data-id=\"d405cf5\">\n\t\t\t\t\t\t\t\tDa Praia do Sono, em Paraty, esse coletivo surgiu em 2025 como parte da replica\u00e7\u00e3o da Tecnologia Social Redes de Impacto. Em meio a um territ\u00f3rio de beleza e resist\u00eancia, as artes\u00e3s transformam redes de pesca descartadas em pe\u00e7as que carregam a alma do mar e a for\u00e7a da cultura cai\u00e7ara. A logo foi desenhada por Lorena, de 9 anos, moradora da comunidade \n\t\t\t\t\t<\/p>\n\t\t\t\t<\/div>\n\t\t\t\t<\/div>\n\t\t\t\t\t<\/div>\n\t\t\t\t<\/div>\n\t\t<div class=\"elementor-element elementor-element-a5fd89d e-flex e-con-boxed e-con e-parent\" data-id=\"a5fd89d\" data-element_type=\"container\" data-e-type=\"container\">\n\t\t\t\t\t<div class=\"e-con-inner\">\n\t\t<div class=\"elementor-element elementor-element-d363eed e-con-full e-flex e-con e-child\" data-id=\"d363eed\" data-element_type=\"container\" data-e-type=\"container\" id=\"ponta\">\n\t\t\t\t\t\t\t\n\t\t\t<img class=\"e-image-base\" \n\t\t\t\t\tdata-interaction-id=\"1ebe99e\" \n\t\t \n\t\t data-e-type=\"widget\" data-id=\"1ebe99e\"\n\t\t\t\t\t\t\t\t\tid=\"20281\"\n\t\t\t\t\t\t\t\t\t\t\t\tsrc=\"https:\/\/marulhoeco.org\/wp-content\/uploads\/2026\/04\/Captura-de-tela-2026-03-30-135602.png\"\n\t\t\t\t\t\t\t\t\t\t\t\twidth=\"1558\"\n\t\t\t\t\t\t\t\t\t\t\t\theight=\"1142\"\n\t\t\t\t\t\t\t\t\t\t\t\tsrcset=\"https:\/\/marulhoeco.org\/wp-content\/uploads\/2026\/04\/Captura-de-tela-2026-03-30-135602.png 1558w, https:\/\/marulhoeco.org\/wp-content\/uploads\/2026\/04\/Captura-de-tela-2026-03-30-135602-300x220.png 300w, https:\/\/marulhoeco.org\/wp-content\/uploads\/2026\/04\/Captura-de-tela-2026-03-30-135602-1024x751.png 1024w, https:\/\/marulhoeco.org\/wp-content\/uploads\/2026\/04\/Captura-de-tela-2026-03-30-135602-768x563.png 768w, https:\/\/marulhoeco.org\/wp-content\/uploads\/2026\/04\/Captura-de-tela-2026-03-30-135602-1536x1126.png 1536w\"\n\t\t\t\t\t\t\t\t\t\t\t\talt=\"\"\n\t\t\t\t\t\t\/>\n\t\t\t\t\t<\/div>\n\t\t<div class=\"elementor-element elementor-element-7d137c4 e-con-full e-flex e-con e-child\" data-id=\"7d137c4\" data-element_type=\"container\" data-e-type=\"container\">\n\t\t<div class=\"elementor-element elementor-element-17dbcbd e-con-full e-flex e-con e-child\" data-id=\"17dbcbd\" data-element_type=\"container\" data-e-type=\"container\">\n\t\t\t\t<div class=\"elementor-element elementor-element-b31ae45 elementor-widget elementor-widget-heading\" data-id=\"b31ae45\" data-element_type=\"widget\" data-e-type=\"widget\" data-widget_type=\"heading.default\">\n\t\t\t\t\t<h2 class=\"elementor-heading-title elementor-size-default\">Rede de Ponta\n<\/h2>\t\t\t\t<\/div>\n\t\t\t\t<\/div>\n\t\t<div class=\"elementor-element elementor-element-b6f454d e-con-full e-flex e-con e-child\" data-id=\"b6f454d\" data-element_type=\"container\" data-e-type=\"container\">\n\t\t\t\t<div class=\"elementor-element elementor-element-a006b1f elementor-widget elementor-widget-text-editor\" data-id=\"a006b1f\" data-element_type=\"widget\" data-e-type=\"widget\" data-widget_type=\"text-editor.default\">\n\t\t\t\t\t\t\t\t\t<p>\ud83d\udccd Ponta Negra, Paraty \u2014 RJ<br \/><em style=\"padding: 0px; margin: 0px; color: #00152e; font-family: Nunito, sans-serif; font-size: 18px; font-weight: 600; white-space: break-spaces;\">rede n\u00e3o \u00e9 s\u00f3 para peixe<\/em><\/p>\t\t\t\t\t\t\t\t<\/div>\n\t\t\t\t<\/div>\n\t\t<div class=\"elementor-element elementor-element-7dff235 e-con-full e-flex e-con e-child\" data-id=\"7dff235\" data-element_type=\"container\" data-e-type=\"container\">\n\t\t\t\t\t\t\t\t<p class=\"e-paragraph-base\" data-interaction-id=\"7779b8c\"  data-e-type=\"widget\" data-id=\"7779b8c\">\n\t\t\t\t\t\t\t\tDo Aventureiro, na Ilha Grande, nasce esse coletivo de m\u00e3os habilidosas que une o saber ancestral da costura de redes com a criatividade cai\u00e7ara. Em uma das comunidades mais isoladas da Costa Verde, elas transformam o descarte do mar em arte e renda, levando a ess\u00eancia do Aventureiro para o mundo. Cada pe\u00e7a conta uma hist\u00f3ria de respeito \u00e0 natureza e compromisso com um futuro mais sustent\u00e1vel. \ud83e\ude75\n\t\t\t\t\t<\/p>\n\t\t\t\t<\/div>\n\t\t\t\t<\/div>\n\t\t\t\t\t<\/div>\n\t\t\t\t<\/div>\n\t\t<div class=\"elementor-element elementor-element-836394a e-flex e-con-boxed e-con e-parent\" data-id=\"836394a\" data-element_type=\"container\" data-e-type=\"container\">\n\t\t\t\t\t<div class=\"e-con-inner\">\n\t\t<div class=\"elementor-element elementor-element-c7e5de1 e-con-full e-flex e-con e-child\" data-id=\"c7e5de1\" data-element_type=\"container\" data-e-type=\"container\" id=\"maos\" data-settings=\"{&quot;background_background&quot;:&quot;slideshow&quot;,&quot;background_slideshow_gallery&quot;:[],&quot;background_slideshow_loop&quot;:&quot;yes&quot;,&quot;background_slideshow_slide_duration&quot;:5000,&quot;background_slideshow_slide_transition&quot;:&quot;fade&quot;,&quot;background_slideshow_transition_duration&quot;:500}\">\n\t\t\t\t\t\t\t\n\t\t\t<img class=\"e-image-base\" \n\t\t\t\t\tdata-interaction-id=\"1801733\" \n\t\t \n\t\t data-e-type=\"widget\" data-id=\"1801733\"\n\t\t\t\t\t\t\t\t\tid=\"20287\"\n\t\t\t\t\t\t\t\t\t\t\t\tsrc=\"https:\/\/marulhoeco.org\/wp-content\/uploads\/2026\/04\/Captura-de-tela-2026-03-30-140318.png\"\n\t\t\t\t\t\t\t\t\t\t\t\twidth=\"1548\"\n\t\t\t\t\t\t\t\t\t\t\t\theight=\"1133\"\n\t\t\t\t\t\t\t\t\t\t\t\tsrcset=\"https:\/\/marulhoeco.org\/wp-content\/uploads\/2026\/04\/Captura-de-tela-2026-03-30-140318.png 1548w, https:\/\/marulhoeco.org\/wp-content\/uploads\/2026\/04\/Captura-de-tela-2026-03-30-140318-300x220.png 300w, https:\/\/marulhoeco.org\/wp-content\/uploads\/2026\/04\/Captura-de-tela-2026-03-30-140318-1024x749.png 1024w, https:\/\/marulhoeco.org\/wp-content\/uploads\/2026\/04\/Captura-de-tela-2026-03-30-140318-768x562.png 768w, https:\/\/marulhoeco.org\/wp-content\/uploads\/2026\/04\/Captura-de-tela-2026-03-30-140318-1536x1124.png 1536w\"\n\t\t\t\t\t\t\t\t\t\t\t\talt=\"\"\n\t\t\t\t\t\t\/>\n\t\t\t\t\t<\/div>\n\t\t<div class=\"elementor-element elementor-element-82e0717 e-con-full e-flex e-con e-child\" data-id=\"82e0717\" data-element_type=\"container\" data-e-type=\"container\">\n\t\t<div class=\"elementor-element elementor-element-73177a0 e-con-full e-flex e-con e-child\" data-id=\"73177a0\" data-element_type=\"container\" data-e-type=\"container\">\n\t\t\t\t<div class=\"elementor-element elementor-element-8396baa elementor-widget elementor-widget-heading\" data-id=\"8396baa\" data-element_type=\"widget\" data-e-type=\"widget\" data-widget_type=\"heading.default\">\n\t\t\t\t\t<h2 class=\"elementor-heading-title elementor-size-default\">M\u00e3os Cai\u00e7aras<\/h2>\t\t\t\t<\/div>\n\t\t\t\t<\/div>\n\t\t<div class=\"elementor-element elementor-element-8a8b7cf e-con-full e-flex e-con e-child\" data-id=\"8a8b7cf\" data-element_type=\"container\" data-e-type=\"container\">\n\t\t\t\t<div class=\"elementor-element elementor-element-ef7da07 elementor-widget elementor-widget-text-editor\" data-id=\"ef7da07\" data-element_type=\"widget\" data-e-type=\"widget\" data-widget_type=\"text-editor.default\">\n\t\t\t\t\t\t\t\t\t<p>\ud83d\udccd Aventureiro, Ilha Grande \u2014 RJ<br \/><em style=\"padding: 0px; margin: 0px; color: #90ac3a; font-family: Nunito, sans-serif; font-size: 18px; font-weight: 600; white-space: break-spaces;\"><em>do mar para as m\u00e3os, das m\u00e3os para o mundo<\/em><\/em><\/p>\t\t\t\t\t\t\t\t<\/div>\n\t\t\t\t<\/div>\n\t\t<div class=\"elementor-element elementor-element-5fcfd80 e-con-full e-flex e-con e-child\" data-id=\"5fcfd80\" data-element_type=\"container\" data-e-type=\"container\">\n\t\t\t\t\t\t\t\t<p class=\"e-paragraph-base\" data-interaction-id=\"339ed67\"  data-e-type=\"widget\" data-id=\"339ed67\">\n\t\t\t\t\t\t\t\tDo Aventureiro, na Ilha Grande, nasce esse coletivo de m\u00e3os habilidosas que une o saber ancestral da costura de redes com a criatividade cai\u00e7ara. Em uma das comunidades mais isoladas da Costa Verde, elas transformam o descarte do mar em arte e renda, levando a ess\u00eancia do Aventureiro para o mundo. Cada pe\u00e7a conta uma hist\u00f3ria de respeito \u00e0 natureza e compromisso com um futuro mais sustent\u00e1vel. \ud83d\udc9a\n\t\t\t\t\t<\/p>\n\t\t\t\t<\/div>\n\t\t\t\t<\/div>\n\t\t\t\t\t<\/div>\n\t\t\t\t<\/div>\n\t\t<div class=\"elementor-element elementor-element-fd88b32 e-flex e-con-boxed e-con e-parent\" data-id=\"fd88b32\" data-element_type=\"container\" data-e-type=\"container\">\n\t\t\t\t\t<div class=\"e-con-inner\">\n\t\t\t\t<div class=\"elementor-element elementor-element-a43c8e7 elementor-widget elementor-widget-button\" data-id=\"a43c8e7\" data-element_type=\"widget\" data-e-type=\"widget\" data-widget_type=\"button.default\">\n\t\t\t\t\t\t\t\t\t\t<a class=\"elementor-button elementor-button-link elementor-size-sm\" href=\"https:\/\/marulhoeco.com.br\/shop\/\">\n\t\t\t\t\t\t<span class=\"elementor-button-content-wrapper\">\n\t\t\t\t\t\t\t\t\t<span class=\"elementor-button-text\">Apoie essa causa comprando produtos feitos de redes recicladas<\/span>\n\t\t\t\t\t<\/span>\n\t\t\t\t\t<\/a>\n\t\t\t\t\t\t\t\t<\/div>\n\t\t\t\t\t<\/div>\n\t\t\t\t<\/div>\n\t\t\t\t<\/div>","protected":false},"excerpt":{"rendered":"<p>N\u00e3o somos os primeiros a reusar as redes para artesanato e nem queremos ser os \u00fanicos. Acreditamos em fortalecer outros grupos produtivos que dialogam com nosso prop\u00f3sito. Conhe\u00e7a os coletivos que estamos ajudando a criar e fazem parte dessa rede: Em 2025, iniciamos a replica\u00e7\u00e3o da nossa Tecnologia Social Redes de Impacto Desenvolvida ao longo [&hellip;]<\/p>\n","protected":false},"author":2,"featured_media":0,"parent":0,"menu_order":0,"comment_status":"closed","ping_status":"closed","template":"","meta":{"footnotes":""},"class_list":["post-20261","page","type-page","status-publish","hentry"],"_hostinger_reach_plugin_has_subscription_block":false,"_hostinger_reach_plugin_is_elementor":false,"_links":{"self":[{"href":"https:\/\/marulhoeco.org\/en\/wp-json\/wp\/v2\/pages\/20261","targetHints":{"allow":["GET"]}}],"collection":[{"href":"https:\/\/marulhoeco.org\/en\/wp-json\/wp\/v2\/pages"}],"about":[{"href":"https:\/\/marulhoeco.org\/en\/wp-json\/wp\/v2\/types\/page"}],"author":[{"embeddable":true,"href":"https:\/\/marulhoeco.org\/en\/wp-json\/wp\/v2\/users\/2"}],"replies":[{"embeddable":true,"href":"https:\/\/marulhoeco.org\/en\/wp-json\/wp\/v2\/comments?post=20261"}],"version-history":[{"count":62,"href":"https:\/\/marulhoeco.org\/en\/wp-json\/wp\/v2\/pages\/20261\/revisions"}],"predecessor-version":[{"id":20355,"href":"https:\/\/marulhoeco.org\/en\/wp-json\/wp\/v2\/pages\/20261\/revisions\/20355"}],"wp:attachment":[{"href":"https:\/\/marulhoeco.org\/en\/wp-json\/wp\/v2\/media?parent=20261"}],"curies":[{"name":"wp","href":"https:\/\/api.w.org\/{rel}","templated":true}]}}