{"id":6475,"date":"2022-07-08T16:57:36","date_gmt":"2022-07-08T19:57:36","guid":{"rendered":"https:\/\/fazermarulho.com.br\/?page_id=6475"},"modified":"2022-07-08T16:57:36","modified_gmt":"2022-07-08T19:57:36","slug":"brindes","status":"publish","type":"page","link":"https:\/\/marulhoeco.org\/en\/brindes\/","title":{"rendered":"Brindes"},"content":{"rendered":"<div data-elementor-type=\"wp-page\" data-elementor-id=\"6475\" class=\"elementor elementor-6475\" data-elementor-post-type=\"page\">\n\t\t\t\t<div class=\"elementor-element elementor-element-56d07142 e-flex e-con-boxed e-con e-parent\" data-id=\"56d07142\" data-element_type=\"container\" data-e-type=\"container\" data-settings=\"{&quot;background_background&quot;:&quot;classic&quot;}\">\n\t\t\t\t\t<div class=\"e-con-inner\">\n\t\t<div class=\"elementor-element elementor-element-40500449 e-con-full e-flex e-con e-child\" data-id=\"40500449\" data-element_type=\"container\" data-e-type=\"container\">\n\t\t\t\t<\/div>\n\t\t<div class=\"elementor-element elementor-element-98b123e e-con-full e-flex e-con e-child\" data-id=\"98b123e\" data-element_type=\"container\" data-e-type=\"container\">\n\t\t\t\t<div class=\"elementor-element elementor-element-ef03ca1 elementor-widget elementor-widget-heading\" data-id=\"ef03ca1\" data-element_type=\"widget\" data-e-type=\"widget\" data-widget_type=\"heading.default\">\n\t\t\t\t\t<h2 class=\"elementor-heading-title elementor-size-default\">Brindes sem prop\u00f3sito nunca mais!<\/h2>\t\t\t\t<\/div>\n\t\t\t\t<\/div>\n\t\t\t\t\t<\/div>\n\t\t\t\t<\/div>\n\t\t<div class=\"elementor-element elementor-element-3a1975eb e-flex e-con-boxed e-con e-parent\" data-id=\"3a1975eb\" data-element_type=\"container\" data-e-type=\"container\">\n\t\t\t\t\t<div class=\"e-con-inner\">\n\t\t\t\t<div class=\"elementor-element elementor-element-228d4bd9 elementor-widget-divider--view-line elementor-widget elementor-widget-divider\" data-id=\"228d4bd9\" data-element_type=\"widget\" data-e-type=\"widget\" data-widget_type=\"divider.default\">\n\t\t\t\t\t\t\t<div class=\"elementor-divider\">\n\t\t\t<span class=\"elementor-divider-separator\">\n\t\t\t\t\t\t<\/span>\n\t\t<\/div>\n\t\t\t\t\t\t<\/div>\n\t\t\t\t\t<\/div>\n\t\t\t\t<\/div>\n\t\t<div class=\"elementor-element elementor-element-234d7ccd e-con-full e-flex e-con e-parent\" data-id=\"234d7ccd\" data-element_type=\"container\" data-e-type=\"container\">\n\t\t\t\t<\/div>\n\t\t<div class=\"elementor-element elementor-element-4fd0b1e7 e-flex e-con-boxed e-con e-parent\" data-id=\"4fd0b1e7\" data-element_type=\"container\" data-e-type=\"container\" data-settings=\"{&quot;background_background&quot;:&quot;classic&quot;}\">\n\t\t\t\t\t<div class=\"e-con-inner\">\n\t\t<div class=\"elementor-element elementor-element-19c1f6e9 e-con-full e-flex e-con e-child\" data-id=\"19c1f6e9\" data-element_type=\"container\" data-e-type=\"container\">\n\t\t<div class=\"elementor-element elementor-element-4b78b5c4 e-con-full e-flex e-con e-child\" data-id=\"4b78b5c4\" data-element_type=\"container\" data-e-type=\"container\">\n\t\t\t\t<\/div>\n\t\t\t\t<\/div>\n\t\t<div class=\"elementor-element elementor-element-392e2139 e-con-full e-flex e-con e-child\" data-id=\"392e2139\" data-element_type=\"container\" data-e-type=\"container\">\n\t\t\t\t<div class=\"elementor-element elementor-element-1676a5b elementor-widget elementor-widget-heading\" data-id=\"1676a5b\" data-element_type=\"widget\" data-e-type=\"widget\" data-widget_type=\"heading.default\">\n\t\t\t\t\t<h2 class=\"elementor-heading-title elementor-size-default\">Tudo com a cara da sua iniciativa!<\/h2>\t\t\t\t<\/div>\n\t\t\t\t<\/div>\n\t\t\t\t\t<\/div>\n\t\t\t\t<\/div>\n\t\t<div class=\"elementor-element elementor-element-1a2270b8 e-con-full e-flex e-con e-parent\" data-id=\"1a2270b8\" data-element_type=\"container\" data-e-type=\"container\" data-settings=\"{&quot;background_background&quot;:&quot;classic&quot;}\">\n\t\t\t\t<\/div>\n\t\t<div class=\"elementor-element elementor-element-27d7b12a e-flex e-con-boxed e-con e-parent\" data-id=\"27d7b12a\" data-element_type=\"container\" data-e-type=\"container\">\n\t\t\t\t\t<div class=\"e-con-inner\">\n\t\t\t\t\t<\/div>\n\t\t\t\t<\/div>\n\t\t<div class=\"elementor-element elementor-element-175d946b e-con-full e-flex e-con e-parent\" data-id=\"175d946b\" data-element_type=\"container\" data-e-type=\"container\">\n\t\t\t\t<\/div>\n\t\t<div class=\"elementor-element elementor-element-3a81834 e-flex e-con-boxed e-con e-parent\" data-id=\"3a81834\" data-element_type=\"container\" data-e-type=\"container\">\n\t\t\t\t\t<div class=\"e-con-inner\">\n\t\t<div class=\"elementor-element elementor-element-5f3b59c6 e-con-full e-flex e-con e-child\" data-id=\"5f3b59c6\" data-element_type=\"container\" data-e-type=\"container\">\n\t\t<div class=\"elementor-element elementor-element-23c0a38f e-con-full e-flex e-con e-child\" data-id=\"23c0a38f\" data-element_type=\"container\" data-e-type=\"container\">\n\t\t\t\t<\/div>\n\t\t<div class=\"elementor-element elementor-element-795d1382 e-con-full e-flex e-con e-child\" data-id=\"795d1382\" data-element_type=\"container\" data-e-type=\"container\">\n\t\t\t\t<\/div>\n\t\t\t\t<\/div>\n\t\t\t\t\t<\/div>\n\t\t\t\t<\/div>\n\t\t<div class=\"elementor-element elementor-element-5e9ca555 e-con-full e-flex e-con e-parent\" data-id=\"5e9ca555\" data-element_type=\"container\" data-e-type=\"container\">\n\t\t<div class=\"elementor-element elementor-element-131e4db6 e-flex e-con-boxed e-con e-child\" data-id=\"131e4db6\" data-element_type=\"container\" data-e-type=\"container\" data-settings=\"{&quot;background_background&quot;:&quot;classic&quot;}\">\n\t\t\t\t\t<div class=\"e-con-inner\">\n\t\t<div class=\"elementor-element elementor-element-76a7da12 e-con-full e-grid e-con e-child\" data-id=\"76a7da12\" data-element_type=\"container\" data-e-type=\"container\">\n\t\t\t\t<\/div>\n\t\t\t\t\t<\/div>\n\t\t\t\t<\/div>\n\t\t\t\t<\/div>\n\t\t<div class=\"elementor-element elementor-element-cde5c98 e-flex e-con-boxed e-con e-child\" data-id=\"cde5c98\" data-element_type=\"container\" data-e-type=\"container\" data-settings=\"{&quot;background_background&quot;:&quot;classic&quot;}\">\n\t\t\t\t\t<div class=\"e-con-inner\">\n\t\t<div class=\"elementor-element elementor-element-828c1e5 e-con-full e-flex e-con e-child\" data-id=\"828c1e5\" data-element_type=\"container\" data-e-type=\"container\">\n\t\t\t\t<\/div>\n\t\t<div class=\"elementor-element elementor-element-51d5006 e-con-full e-flex e-con e-child\" data-id=\"51d5006\" data-element_type=\"container\" data-e-type=\"container\" data-settings=\"{&quot;background_background&quot;:&quot;classic&quot;}\">\n\t\t\t\t<\/div>\n\t\t\t\t\t<\/div>\n\t\t\t\t<\/div>\n\t\t\t\t<\/div>","protected":false},"excerpt":{"rendered":"<p>Brindes sem prop\u00f3sito nunca mais! Conhe\u00e7a nossas op\u00e7\u00f5es cheias de significado, que valorizam conhecimentos ancestrais e contribuem para a conserva\u00e7\u00e3o do oceano. Fale&nbsp;com&nbsp;a&nbsp;Marulho Se voc\u00ea est\u00e1 buscando algo diferente, que turbine as metas de ESG da sua empresa, voltadas para o combate de lixo no mar, chegou no lugar certo! Vamos&nbsp;conversar! Tudo com a cara [&hellip;]<\/p>\n","protected":false},"author":2,"featured_media":0,"parent":0,"menu_order":0,"comment_status":"closed","ping_status":"closed","template":"","meta":{"footnotes":""},"class_list":["post-6475","page","type-page","status-publish","hentry"],"_hostinger_reach_plugin_has_subscription_block":false,"_hostinger_reach_plugin_is_elementor":false,"_links":{"self":[{"href":"https:\/\/marulhoeco.org\/en\/wp-json\/wp\/v2\/pages\/6475","targetHints":{"allow":["GET"]}}],"collection":[{"href":"https:\/\/marulhoeco.org\/en\/wp-json\/wp\/v2\/pages"}],"about":[{"href":"https:\/\/marulhoeco.org\/en\/wp-json\/wp\/v2\/types\/page"}],"author":[{"embeddable":true,"href":"https:\/\/marulhoeco.org\/en\/wp-json\/wp\/v2\/users\/2"}],"replies":[{"embeddable":true,"href":"https:\/\/marulhoeco.org\/en\/wp-json\/wp\/v2\/comments?post=6475"}],"version-history":[{"count":0,"href":"https:\/\/marulhoeco.org\/en\/wp-json\/wp\/v2\/pages\/6475\/revisions"}],"wp:attachment":[{"href":"https:\/\/marulhoeco.org\/en\/wp-json\/wp\/v2\/media?parent=6475"}],"curies":[{"name":"wp","href":"https:\/\/api.w.org\/{rel}","templated":true}]}}